{"id":11,"date":"2015-12-11T01:13:22","date_gmt":"2015-12-11T01:13:22","guid":{"rendered":"http:\/\/localhost\/?page_id=11"},"modified":"2015-12-22T02:38:50","modified_gmt":"2015-12-22T02:38:50","slug":"a-empresa","status":"publish","type":"page","link":"https:\/\/www.taiyoreco.co.jp\/pt\/a-empresa\/","title":{"rendered":"A empresa"},"content":{"rendered":"[spb_text_block title=&#8221;K.K Taiyo Corporation&#8221; pb_margin_bottom=&#8221;no&#8221; pb_border_bottom=&#8221;no&#8221; width=&#8221;2\/3&#8243; el_position=&#8221;first&#8221;]\n<h1><\/h1>\n<div class=\"entry\">\n<h4>O Grupo Taiyo existe para atender seus clientes, ou seja, nossos colaboradores, para otimiza\u00e7\u00e3o de produto e servi\u00e7o, qualificando os colaboradores \u00a0para o melhor desempenho profissional e pessoal. Temos convic\u00e7\u00e3o de que nossos trabalhadores \u00a0e seus familiares s\u00e3o o maior patrim\u00f4nio da empresa e valorizamos isso.<\/h4>\n<h4>Somos uma empresa com 20\u00a0anos de tradi\u00e7\u00e3o, hoje atuando com terceiriza\u00e7\u00e3o de produ\u00e7\u00e3o. Cerca de 60% do atual quadro de funcion\u00e1rios trabalham entre 2 e 14 anos na empresa, comprovando a estabilidade e seguran\u00e7a que o emprego oferece.<\/h4>\n<h4>Os nossos escrit\u00f3rios se localizam na cidade de Joso-shi, antiga Mitsukaido-shi. Para candidatos do Brasil temos um escrit\u00f3rio na cidade de S\u00e3o Paulo, no Bairro da Liberdade.<br \/>\nA Taiyo Corporation, empresa localizada em Ibaraki-ken Joso-shi (antiga Mitsukaido-shi), foi fundada em 1995 com o intuito de garantir trabalho aos brasileiros que chegavam ao Jap\u00e3o em busca de novas oportunidades de trabalho. Pensando nisso, nossa empresa criou uma parceria s\u00f3lida com uma das maiores empresas aliment\u00edcias japonesas. Desde 1995, quando a empresa foi fundada, o Jap\u00e3o passou por 3 graves crises financeiras (1998, 2008 e 2011) e, apesar disso, a Taiyo Corporation continuou firme e forte, com emprego garantido e sem demiss\u00f5es.<br \/>\nA empresa conta com 3 escrit\u00f3rios na regi\u00e3o: Sede Kashiwa (Departamento Jur\u00eddico e Financeiro), Escrit\u00f3rio Central (Recursos Humanos e Recrutamento) e o Escrit\u00f3rio 2 anexo \u00e0 ind\u00fastria aliment\u00edcia (Recursos Operacionais). A Taiyo Corporation tamb\u00e9m conta com um escrit\u00f3rio no Brasil, a Taiyo Brasil, para atendimento aos futuros colaboradores que pretendem trabalhar no Jap\u00e3o, providenciando vistos e passagens.<br \/>\nAl\u00e9m da parceria com a grande empresa de alimentos do Jap\u00e3o, a Taiyo Corporation est\u00e1 investindo em sua pr\u00f3pria produ\u00e7\u00e3o de alimentos, e para isso inaugurou a Panificadora P\u00e3o de Casa, com confec\u00e7\u00e3o pr\u00f3pria de p\u00e3es brasileiros \u00e0 toda comunidade da regi\u00e3o.<\/h4>\n<h4>Visite nosso site no Brasil em <a class=\"url\" href=\"http:\/\/www.taiyobrasil.com.br\">www.taiyobrasil.com.br<\/a><\/h4>\n<\/div>\n[\/spb_text_block] [spb_single_image image=&#8221;53&#8243; image_size=&#8221;full&#8221; frame=&#8221;shadowframe&#8221; intro_animation=&#8221;fade-in&#8221; full_width=&#8221;no&#8221; lightbox=&#8221;yes&#8221; link_target=&#8221;_self&#8221; width=&#8221;1\/3&#8243; el_position=&#8221;last&#8221;]\n","protected":false},"excerpt":{"rendered":"<p>[spb_text_block title=&#8221;K.K Taiyo Corporation&#8221; pb_margin_bottom=&#8221;no&#8221; pb_border_bottom=&#8221;no&#8221; width=&#8221;2\/3&#8243; el_position=&#8221;first&#8221;] O Grupo Taiyo existe para atender seus clientes, ou seja, nossos colaboradores, para otimiza\u00e7\u00e3o de produto e servi\u00e7o, qualificando os colaboradores \u00a0para o melhor desempenho profissional e pessoal. Temos convic\u00e7\u00e3o de que nossos trabalhadores \u00a0e seus familiares s\u00e3o o maior patrim\u00f4nio da empresa e valorizamos isso. Somos uma empresa com 20\u00a0anos de [&hellip;]<\/p>\n","protected":false},"author":1,"featured_media":0,"parent":0,"menu_order":0,"comment_status":"closed","ping_status":"closed","template":"","meta":{"footnotes":""},"class_list":["post-11","page","type-page","status-publish","hentry"],"_links":{"self":[{"href":"https:\/\/www.taiyoreco.co.jp\/pt\/wp-json\/wp\/v2\/pages\/11","targetHints":{"allow":["GET"]}}],"collection":[{"href":"https:\/\/www.taiyoreco.co.jp\/pt\/wp-json\/wp\/v2\/pages"}],"about":[{"href":"https:\/\/www.taiyoreco.co.jp\/pt\/wp-json\/wp\/v2\/types\/page"}],"author":[{"embeddable":true,"href":"https:\/\/www.taiyoreco.co.jp\/pt\/wp-json\/wp\/v2\/users\/1"}],"replies":[{"embeddable":true,"href":"https:\/\/www.taiyoreco.co.jp\/pt\/wp-json\/wp\/v2\/comments?post=11"}],"version-history":[{"count":0,"href":"https:\/\/www.taiyoreco.co.jp\/pt\/wp-json\/wp\/v2\/pages\/11\/revisions"}],"wp:attachment":[{"href":"https:\/\/www.taiyoreco.co.jp\/pt\/wp-json\/wp\/v2\/media?parent=11"}],"curies":[{"name":"wp","href":"https:\/\/api.w.org\/{rel}","templated":true}]}}