{"id":182,"date":"2015-12-16T00:24:47","date_gmt":"2015-12-16T00:24:47","guid":{"rendered":"http:\/\/www.taiyoreco.co.jp\/tc\/?page_id=182"},"modified":"2016-01-26T11:32:32","modified_gmt":"2016-01-26T02:32:32","slug":"pao-de-casa","status":"publish","type":"page","link":"https:\/\/www.taiyoreco.co.jp\/pt\/pao-de-casa\/","title":{"rendered":"P\u00e3o de Casa"},"content":{"rendered":"[spb_parallax parallax_type=&#8221;image&#8221; bg_image=&#8221;190&#8243; bg_type=&#8221;cover&#8221; parallax_video_height=&#8221;content-height&#8221; parallax_video_overlay=&#8221;none&#8221; parallax_image_height=&#8221;content-height&#8221; parallax_image_movement=&#8221;fixed&#8221; parallax_image_speed=&#8221;0.5&#8243; padding_horizontal=&#8221;5&#8243; alt_background=&#8221;none&#8221; width=&#8221;1\/1&#8243; el_position=&#8221;first last&#8221;][\/spb_parallax] [spb_text_block pb_margin_bottom=&#8221;no&#8221; pb_border_bottom=&#8221;no&#8221; width=&#8221;1\/3&#8243; el_position=&#8221;first&#8221;]\n<p class=\"impact-text-large\" style=\"text-align: center;\">Hist\u00f3ria<\/p>\n<div class=\"horizontal-break\"> <\/div>\n<p style=\"text-align: center;\"><em>A padaria P\u00e3o de Casa foi fundada em 2013 com o objetivo de oferecendo p\u00e3es, doces, salgados e lanches com o gostinho do Brasil para toda comunidade\u00a0de Joso e regi\u00e3o, com sabor e qualidade.<\/em><\/p>\n[\/spb_text_block] [spb_text_block pb_margin_bottom=&#8221;no&#8221; pb_border_bottom=&#8221;no&#8221; width=&#8221;1\/3&#8243;]\n<p class=\"impact-text-large\" style=\"text-align: center;\">Localiza\u00e7\u00e3o<\/p>\n<div class=\"horizontal-break\"> <\/div>\n<p style=\"text-align: center;\"><em>A padaria P\u00e3o de Casa\u00a0fica localizada\u00a0na regi\u00e3o de Kanto, pr\u00f3ximo a T\u00f3quio\u00a0na\u00a0cidade de Joso-Shi Mitsukaido.\u00a0Com acesso f\u00e1cil pela expresso Joban ou pelos trens\u00a0Tsukuba Express &#8211; Kanto Joso.<\/em><\/p>\n[\/spb_text_block] [spb_text_block pb_margin_bottom=&#8221;no&#8221; pb_border_bottom=&#8221;no&#8221; width=&#8221;1\/3&#8243; el_position=&#8221;last&#8221;]\n<p class=\"impact-text-large\" style=\"text-align: center;\">Ambiente<\/p>\n<div class=\"horizontal-break\"> <\/div>\n<p style=\"text-align: center;\"><em>Oferecemos um ambiente agrad\u00e1vel para tomar um caf\u00e9\u00a0a qualquer hora do dia, \u00a0sempre acompanhado de um boa companhia e um bom\u00a0bate-papo, saboreando nossos p\u00e3es, doces, lanches e salgados.<\/em><\/p>\n[\/spb_text_block] [blank_spacer height=&#8221;30px&#8221; width=&#8221;1\/1&#8243; el_position=&#8221;first last&#8221;] [sf_gallery gallery_id=&#8221;149&#8243; slider_transition=&#8221;slide&#8221; show_thumbs=&#8221;yes&#8221; autoplay=&#8221;yes&#8221; show_captions=&#8221;yes&#8221; enable_lightbox=&#8221;yes&#8221; width=&#8221;2\/3&#8243; el_position=&#8221;first&#8221;] [spb_text_block pb_margin_bottom=&#8221;no&#8221; pb_border_bottom=&#8221;no&#8221; width=&#8221;1\/3&#8243; el_position=&#8221;last&#8221;]\n<p><img loading=\"lazy\" decoding=\"async\" class=\"size-full wp-image-329 alignleft\" src=\"http:\/\/www.taiyoreco.co.jp\/wp-content\/uploads\/Rogerio-Shimura.jpg\" alt=\"Rogerio-Shimura\" width=\"290\" height=\"300\" \/><\/p>\n<h3>Rog\u00e9rio Shimura<br \/>\n<span style=\"color: #999999;\">Chef boulanger<\/span><\/h3>\n<p><strong><a href=\"http:\/\/rogerioshimura.wordpress.com\/\" target=\"_blank\">Rogerio Shimura<\/a><\/strong> \u00e9 um mais reconhecidos profissionais de panifica\u00e7\u00e3o do pa\u00eds. H\u00e1 mais de uma d\u00e9cada no mercado, Shimura foi s\u00f3cio de Alex Atala na <em>Em Nome do P\u00e3o<\/em>. Uma das maiores autoridades de panifica\u00e7\u00e3o do pa\u00eds, Shimura\u00a0\u00e9 uma refer\u00eancia na profissionaliza\u00e7\u00e3o em panifica\u00e7\u00e3o e confeitaria.<\/p>\n[\/spb_text_block] [blank_spacer height=&#8221;30px&#8221; width=&#8221;1\/1&#8243; el_position=&#8221;first last&#8221;] [spb_text_block pb_margin_bottom=&#8221;no&#8221; pb_border_bottom=&#8221;no&#8221; width=&#8221;1\/1&#8243; el_position=&#8221;first last&#8221;]\n<p class=\"impact-text-large\" style=\"text-align: center;\">Receitas tradicionais<\/p>\n<div class=\"horizontal-break\"> <\/div>\n<p>&nbsp;<\/p>\n[\/spb_text_block] [spb_single_image image=&#8221;315&#8243; image_size=&#8221;full&#8221; frame=&#8221;noframe&#8221; intro_animation=&#8221;pop-up&#8221; full_width=&#8221;no&#8221; lightbox=&#8221;no&#8221; link_target=&#8221;_self&#8221; width=&#8221;1\/3&#8243; el_position=&#8221;first&#8221;] [spb_single_image image=&#8221;316&#8243; image_size=&#8221;full&#8221; frame=&#8221;noframe&#8221; intro_animation=&#8221;pop-up&#8221; full_width=&#8221;no&#8221; lightbox=&#8221;no&#8221; link_target=&#8221;_self&#8221; width=&#8221;1\/3&#8243;] [spb_single_image image=&#8221;318&#8243; image_size=&#8221;full&#8221; frame=&#8221;noframe&#8221; intro_animation=&#8221;pop-up&#8221; full_width=&#8221;no&#8221; lightbox=&#8221;no&#8221; link_target=&#8221;_self&#8221; width=&#8221;1\/3&#8243; el_position=&#8221;last&#8221;] [spb_text_block pb_margin_bottom=&#8221;no&#8221; pb_border_bottom=&#8221;no&#8221; width=&#8221;1\/3&#8243; el_position=&#8221;first&#8221;]\n<p style=\"text-align: center;\"><em>Quem n\u00e3o gosta de um p\u00e3o quentinho com manteiga no caf\u00e9 da manh\u00e3? Usado como sin\u00f4nimo de vida e trabalho, o p\u00e3o faz parte da cultura de muitos povos<\/em><\/p>\n[\/spb_text_block] [spb_text_block pb_margin_bottom=&#8221;no&#8221; pb_border_bottom=&#8221;no&#8221; width=&#8221;1\/3&#8243;]\n<p style=\"text-align: center;\"><em>Para oferecer produtos de alta qualidade, investimos nas melhores mat\u00e9rias primas e t\u00e9cnicas avan\u00e7adas em todo processo de fabrica\u00e7\u00e3o.<\/em><\/p>\n[\/spb_text_block] [spb_text_block pb_margin_bottom=&#8221;no&#8221; pb_border_bottom=&#8221;no&#8221; width=&#8221;1\/3&#8243; el_position=&#8221;last&#8221;]\n<p style=\"text-align: center;\"><em>Um novo conceito muito mais que uma simples padaria. Oferecemos um ambiente confort\u00e1vel entre\u00a0padaria, lanchonete e cafeteria.<\/em><\/p>\n[\/spb_text_block]\n","protected":false},"excerpt":{"rendered":"<p>[spb_parallax parallax_type=&#8221;image&#8221; bg_image=&#8221;190&#8243; bg_type=&#8221;cover&#8221; parallax_video_height=&#8221;content-height&#8221; parallax_video_overlay=&#8221;none&#8221; parallax_image_height=&#8221;content-height&#8221; parallax_image_movement=&#8221;fixed&#8221; parallax_image_speed=&#8221;0.5&#8243; padding_horizontal=&#8221;5&#8243; alt_background=&#8221;none&#8221; width=&#8221;1\/1&#8243; el_position=&#8221;first last&#8221;][\/spb_parallax] [spb_text_block pb_margin_bottom=&#8221;no&#8221; pb_border_bottom=&#8221;no&#8221; width=&#8221;1\/3&#8243; el_position=&#8221;first&#8221;] Hist\u00f3ria A padaria P\u00e3o de Casa foi fundada em 2013 com o objetivo de oferecendo p\u00e3es, doces, salgados e lanches com o gostinho do Brasil para toda comunidade\u00a0de Joso e regi\u00e3o, com sabor e qualidade. [\/spb_text_block] [spb_text_block pb_margin_bottom=&#8221;no&#8221; pb_border_bottom=&#8221;no&#8221; width=&#8221;1\/3&#8243;] Localiza\u00e7\u00e3o [&hellip;]<\/p>\n","protected":false},"author":1,"featured_media":0,"parent":0,"menu_order":0,"comment_status":"closed","ping_status":"closed","template":"","meta":{"footnotes":""},"class_list":["post-182","page","type-page","status-publish","hentry"],"_links":{"self":[{"href":"https:\/\/www.taiyoreco.co.jp\/pt\/wp-json\/wp\/v2\/pages\/182","targetHints":{"allow":["GET"]}}],"collection":[{"href":"https:\/\/www.taiyoreco.co.jp\/pt\/wp-json\/wp\/v2\/pages"}],"about":[{"href":"https:\/\/www.taiyoreco.co.jp\/pt\/wp-json\/wp\/v2\/types\/page"}],"author":[{"embeddable":true,"href":"https:\/\/www.taiyoreco.co.jp\/pt\/wp-json\/wp\/v2\/users\/1"}],"replies":[{"embeddable":true,"href":"https:\/\/www.taiyoreco.co.jp\/pt\/wp-json\/wp\/v2\/comments?post=182"}],"version-history":[{"count":0,"href":"https:\/\/www.taiyoreco.co.jp\/pt\/wp-json\/wp\/v2\/pages\/182\/revisions"}],"wp:attachment":[{"href":"https:\/\/www.taiyoreco.co.jp\/pt\/wp-json\/wp\/v2\/media?parent=182"}],"curies":[{"name":"wp","href":"https:\/\/api.w.org\/{rel}","templated":true}]}}