{"id":487,"date":"2017-01-04T09:53:30","date_gmt":"2017-01-04T00:53:30","guid":{"rendered":"http:\/\/www.taiyoreco.co.jp\/?page_id=487"},"modified":"2018-01-20T12:47:48","modified_gmt":"2018-01-20T03:47:48","slug":"blog","status":"publish","type":"page","link":"https:\/\/www.taiyoreco.co.jp\/pt\/blog\/","title":{"rendered":"Blog"},"content":{"rendered":"[blank_spacer height=&#8221;70px&#8221; width=&#8221;1\/1&#8243; el_position=&#8221;first last&#8221;] [spb_text_block pb_margin_bottom=&#8221;no&#8221; pb_border_bottom=&#8221;no&#8221; width=&#8221;1\/3&#8243; el_position=&#8221;first&#8221;]\n<div class=\"sf-icon-box sf-icon-box-left-icon sf-animation sf-icon-\" data-animation=\"fade-in\" data-delay=\"200\"><div class=\"sf-icon-cont cont-small sf-icon-float-none sf-icon-\"><i class=\"ss-like sf-icon sf-icon-small\"><\/i><\/div><div class=\"sf-icon-box-content-wrap clearfix\"><h3><a href=\"http:\/\/www.taiyoreco.co.jp\/provincia-de-ibaraki\/\" target=\"_blank\" rel=\"noopener\">Informa\u00e7\u00f5es sobre Ibaraki<\/a><\/h3><div class=\"sf-icon-box-content\">Como \u00e9 a Prov\u00edncia de Ibaraki?<\/div><\/div><\/div>\n[\/spb_text_block] [spb_text_block pb_margin_bottom=&#8221;no&#8221; pb_border_bottom=&#8221;no&#8221; width=&#8221;1\/3&#8243;]\n<div class=\"sf-icon-box sf-icon-box-left-icon sf-animation sf-icon-\" data-animation=\"fade-in\" data-delay=\"400\"><div class=\"sf-icon-cont cont-small sf-icon-float-none sf-icon-\"><i class=\"ss-view sf-icon sf-icon-small\"><\/i><\/div><div class=\"sf-icon-box-content-wrap clearfix\"><h3><a href=\"http:\/\/www.taiyoreco.co.jp\/noticias-do-japao\/\" target=\"_blank\" rel=\"noopener\">Not\u00edcias do Jap\u00e3o<\/a><\/h3><div class=\"sf-icon-box-content\">O que acontece no Jap\u00e3o<\/div><\/div><\/div>\n[\/spb_text_block] [spb_text_block pb_margin_bottom=&#8221;no&#8221; pb_border_bottom=&#8221;no&#8221; width=&#8221;1\/3&#8243; el_position=&#8221;last&#8221;]\n<div class=\"sf-icon-box sf-icon-box-left-icon sf-animation sf-icon-\" data-animation=\"fade-in\" data-delay=\"600\"><div class=\"sf-icon-cont cont-small sf-icon-float-none sf-icon-\"><i class=\"ss-man sf-icon sf-icon-small\"><\/i><\/div><div class=\"sf-icon-box-content-wrap clearfix\"><h3><a href=\"http:\/\/www.taiyoreco.co.jp\/eventos-no-japao\/\" target=\"_blank\" rel=\"noopener\">Eventos em Ibaraki<\/a><\/h3><div class=\"sf-icon-box-content\">O que aconteceu e acontecer\u00e1 em Ibaraki<\/div><\/div><\/div>\n[\/spb_text_block] [blank_spacer height=&#8221;30px&#8221; width=&#8221;1\/1&#8243; el_position=&#8221;first last&#8221;] [spb_text_block pb_margin_bottom=&#8221;no&#8221; pb_border_bottom=&#8221;no&#8221; width=&#8221;1\/3&#8243; el_position=&#8221;first&#8221;]\n<div class=\"sf-icon-box sf-icon-box-left-icon sf-animation sf-icon-\" data-animation=\"fade-in\" data-delay=\"800\"><div class=\"sf-icon-cont cont-small sf-icon-float-none sf-icon-\"><i class=\"ss-chat sf-icon sf-icon-small\"><\/i><\/div><div class=\"sf-icon-box-content-wrap clearfix\"><h3><a href=\"http:\/\/www.taiyoreco.co.jp\/vida-no-japao\/\" target=\"_blank\" rel=\"noopener\">Vida no Jap\u00e3o<\/a><\/h3><div class=\"sf-icon-box-content\">Informa\u00e7\u00f5es para a vida cotidiana no Jap\u00e3o <\/div><\/div><\/div>\n[\/spb_text_block] [spb_text_block pb_margin_bottom=&#8221;no&#8221; pb_border_bottom=&#8221;no&#8221; width=&#8221;1\/3&#8243;]\n<div class=\"sf-icon-box sf-icon-box-left-icon sf-animation sf-icon-\" data-animation=\"fade-in\" data-delay=\"1000\"><div class=\"sf-icon-cont cont-small sf-icon-float-none sf-icon-\"><i class=\"ss-hand sf-icon sf-icon-small\"><\/i><\/div><div class=\"sf-icon-box-content-wrap clearfix\"><h3><a href=\"http:\/\/www.taiyoreco.co.jp\/noticias-do-brasil\/\" target=\"_blank\" rel=\"noopener\">Not\u00edcias do Brasil<\/a><\/h3><div class=\"sf-icon-box-content\">Como est\u00e1 o nosso pa\u00eds<br \/>\n<\/div><\/div><\/div>\n[\/spb_text_block] [spb_text_block pb_margin_bottom=&#8221;no&#8221; pb_border_bottom=&#8221;no&#8221; width=&#8221;1\/3&#8243; el_position=&#8221;last&#8221;]\n<div class=\"sf-icon-box sf-icon-box-left-icon sf-animation sf-icon-\" data-animation=\"fade-in\" data-delay=\"1200\"><div class=\"sf-icon-cont cont-small sf-icon-float-none sf-icon-\"><i class=\"ss-write sf-icon sf-icon-small\"><\/i><\/div><div class=\"sf-icon-box-content-wrap clearfix\"><h3><a href=\"http:\/\/www.taiyoreco.co.jp\/links-uteis-para-a-vida-no-japao\/\" target=\"_blank\" rel=\"noopener\">Links<\/a><\/h3><div class=\"sf-icon-box-content\">P\u00e1ginas da internet que podem ser \u00fateis para voc\u00ea.<\/div><\/div><\/div>\n[\/spb_text_block] [blank_spacer height=&#8221;20px&#8221; width=&#8221;1\/1&#8243; el_position=&#8221;first last&#8221;] [spb_parallax parallax_type=&#8221;video&#8221; bg_type=&#8221;cover&#8221; bg_video_mp4=&#8221;http:\/\/dante.swiftideas.net\/wp-content\/uploads\/2013\/10\/crafted_600p.mp4&#8243; bg_video_webm=&#8221;http:\/\/dante.swiftideas.net\/wp-content\/uploads\/2013\/10\/crafted_600p.webmhd.webm&#8221; bg_video_ogg=&#8221;http:\/\/dante.swiftideas.net\/wp-content\/uploads\/2013\/10\/crafted_600p.ogv&#8221; parallax_video_height=&#8221;content-height&#8221; parallax_video_overlay=&#8221;none&#8221; parallax_image_height=&#8221;content-height&#8221; parallax_image_movement=&#8221;fixed&#8221; parallax_image_speed=&#8221;0.5&#8243; padding_horizontal=&#8221;15&#8243; alt_background=&#8221;none&#8221; el_class=&#8221;bt0 bb0 no-shadow&#8221; width=&#8221;1\/1&#8243; el_position=&#8221;first last&#8221;]\n<p class=\"impact-text-large\" style=\"text-align: center;\"><span style=\"color: #ffffff;\">Servi\u00e7o est\u00e1vel e uma boa estrutura para brasileiros.<\/span><\/p>\n<p>&nbsp;<\/p>\n<p style=\"text-align: center;\"><a class=\"sf-button standard white standard \" href=\"\/features\/\" target=\"_self\"><span class=\"text\">VENHA TRABALHAR CONOSCO<\/span><\/a> <a class=\"sf-button standard transparent-light standard \" href=\"http:\/\/\" target=\"_self\"><span class=\"text\">CADASTRO<\/span><\/a><\/p>\n[\/spb_parallax] [blank_spacer height=&#8221;24px&#8221; width=&#8221;1\/1&#8243; el_position=&#8221;first last&#8221;] [spb_text_block pb_margin_bottom=&#8221;no&#8221; pb_border_bottom=&#8221;no&#8221; width=&#8221;1\/3&#8243; el_position=&#8221;first&#8221;]\n<h1 class=\"mt0\" style=\"text-align: left;\">Como tirar o visto para trabalhar no Jap\u00e3o<\/h1>\n<p>Lorem ipsum dolor sit amet, consectetur adipiscing elit. Suspendisse viverra mauris eget tortor imperdiet vehicula. Proin egestas diam ac mauris molestie hendrerit. Quisque nec nisi tortor. Etiam at mauris sit amet magna suscipit hend merit non sed ligula. Vivamus purus odio, ipsum dolor sit amet, consectetur adipiscing elit. Suspendisse viverra mauris eget tortor imperdiet vehicula. Proin egestas diam ac.<\/p>\n<a class=\"sf-button standard accent sf-icon-reveal \" href=\"\/blog-timeline-full-width\/blog-masonry-effect-four\/\" target=\"_self\"><i class=\"ss-file\"><\/i><span class=\"text\">READ MORE ARTICLES<\/span><\/a>\n[\/spb_text_block] [recent_posts item_columns=&#8221;2&#8243; item_count=&#8221;2&#8243; category=&#8221;All&#8221; offset=&#8221;0&#8243; posts_order=&#8221;ASC&#8221; excerpt_length=&#8221;23&#8243; width=&#8221;2\/3&#8243; el_position=&#8221;last&#8221;] [blank_spacer height=&#8221;30px&#8221; width=&#8221;1\/1&#8243; el_position=&#8221;first last&#8221;]\n","protected":false},"excerpt":{"rendered":"<p>[blank_spacer height=&#8221;70px&#8221; width=&#8221;1\/1&#8243; el_position=&#8221;first last&#8221;] [spb_text_block pb_margin_bottom=&#8221;no&#8221; pb_border_bottom=&#8221;no&#8221; width=&#8221;1\/3&#8243; el_position=&#8221;first&#8221;] [\/spb_text_block] [spb_text_block pb_margin_bottom=&#8221;no&#8221; pb_border_bottom=&#8221;no&#8221; width=&#8221;1\/3&#8243;] [\/spb_text_block] [spb_text_block pb_margin_bottom=&#8221;no&#8221; pb_border_bottom=&#8221;no&#8221; width=&#8221;1\/3&#8243; el_position=&#8221;last&#8221;] [\/spb_text_block] [blank_spacer height=&#8221;30px&#8221; width=&#8221;1\/1&#8243; el_position=&#8221;first last&#8221;] [spb_text_block pb_margin_bottom=&#8221;no&#8221; pb_border_bottom=&#8221;no&#8221; width=&#8221;1\/3&#8243; el_position=&#8221;first&#8221;] [\/spb_text_block] [spb_text_block pb_margin_bottom=&#8221;no&#8221; pb_border_bottom=&#8221;no&#8221; width=&#8221;1\/3&#8243;] [\/spb_text_block] [spb_text_block pb_margin_bottom=&#8221;no&#8221; pb_border_bottom=&#8221;no&#8221; width=&#8221;1\/3&#8243; el_position=&#8221;last&#8221;] [\/spb_text_block] [blank_spacer height=&#8221;20px&#8221; width=&#8221;1\/1&#8243; el_position=&#8221;first last&#8221;] [spb_parallax parallax_type=&#8221;video&#8221; bg_type=&#8221;cover&#8221; bg_video_mp4=&#8221;http:\/\/dante.swiftideas.net\/wp-content\/uploads\/2013\/10\/crafted_600p.mp4&#8243; bg_video_webm=&#8221;http:\/\/dante.swiftideas.net\/wp-content\/uploads\/2013\/10\/crafted_600p.webmhd.webm&#8221; bg_video_ogg=&#8221;http:\/\/dante.swiftideas.net\/wp-content\/uploads\/2013\/10\/crafted_600p.ogv&#8221; parallax_video_height=&#8221;content-height&#8221; parallax_video_overlay=&#8221;none&#8221; parallax_image_height=&#8221;content-height&#8221; parallax_image_movement=&#8221;fixed&#8221; parallax_image_speed=&#8221;0.5&#8243; [&hellip;]<\/p>\n","protected":false},"author":2,"featured_media":0,"parent":0,"menu_order":0,"comment_status":"closed","ping_status":"closed","template":"","meta":{"footnotes":""},"class_list":["post-487","page","type-page","status-publish","hentry"],"_links":{"self":[{"href":"https:\/\/www.taiyoreco.co.jp\/pt\/wp-json\/wp\/v2\/pages\/487","targetHints":{"allow":["GET"]}}],"collection":[{"href":"https:\/\/www.taiyoreco.co.jp\/pt\/wp-json\/wp\/v2\/pages"}],"about":[{"href":"https:\/\/www.taiyoreco.co.jp\/pt\/wp-json\/wp\/v2\/types\/page"}],"author":[{"embeddable":true,"href":"https:\/\/www.taiyoreco.co.jp\/pt\/wp-json\/wp\/v2\/users\/2"}],"replies":[{"embeddable":true,"href":"https:\/\/www.taiyoreco.co.jp\/pt\/wp-json\/wp\/v2\/comments?post=487"}],"version-history":[{"count":0,"href":"https:\/\/www.taiyoreco.co.jp\/pt\/wp-json\/wp\/v2\/pages\/487\/revisions"}],"wp:attachment":[{"href":"https:\/\/www.taiyoreco.co.jp\/pt\/wp-json\/wp\/v2\/media?parent=487"}],"curies":[{"name":"wp","href":"https:\/\/api.w.org\/{rel}","templated":true}]}}